{"id":14,"date":"2026-04-30T02:43:50","date_gmt":"2026-04-30T02:43:50","guid":{"rendered":"https:\/\/violet-crane-240860.hostingersite.com\/musica\/"},"modified":"2026-04-30T02:43:50","modified_gmt":"2026-04-30T02:43:50","slug":"musica","status":"publish","type":"page","link":"https:\/\/eulu.com.br\/?page_id=14","title":{"rendered":"M\u00fasica"},"content":{"rendered":"\t\t<div data-elementor-type=\"wp-page\" data-elementor-id=\"14\" class=\"elementor elementor-14\" data-elementor-post-type=\"page\">\n\t\t\t\t<div class=\"elementor-element elementor-element-8b05dc1 e-flex e-con-boxed e-con e-parent\" data-id=\"8b05dc1\" data-element_type=\"container\" data-e-type=\"container\">\n\t\t\t\t\t<div class=\"e-con-inner\">\n\t\t<div class=\"elementor-element elementor-element-4ed8323 e-con-full e-flex e-con e-child\" data-id=\"4ed8323\" data-element_type=\"container\" data-e-type=\"container\">\n\t\t\t\t<div class=\"elementor-element elementor-element-133f33a is-style-default hostinger-ai-title elementor-widget elementor-widget-heading\" data-id=\"133f33a\" data-element_type=\"widget\" data-e-type=\"widget\" data-widget_type=\"heading.default\">\n\t\t\t\t\t<h2 class=\"elementor-heading-title elementor-size-default\">Novos Sons<\/h2>\t\t\t\t<\/div>\n\t\t\t\t<\/div>\n\t\t<div class=\"elementor-element elementor-element-29fad6e e-con-full e-grid e-con e-child\" data-id=\"29fad6e\" data-element_type=\"container\" data-e-type=\"container\">\n\t\t<div class=\"elementor-element elementor-element-90732f5 e-con-full e-flex e-con e-child\" data-id=\"90732f5\" data-element_type=\"container\" data-e-type=\"container\">\n\t\t\t\t<div class=\"elementor-element elementor-element-2e84f92 hostinger-ai-project-image hostinger-index-6 elementor-widget elementor-widget-image\" data-id=\"2e84f92\" data-element_type=\"widget\" data-e-type=\"widget\" data-widget_type=\"image.default\">\n\t\t\t\t\t\t\t\t\t\t\t\t\t\t\t<img decoding=\"async\" src=\"https:\/\/images.unsplash.com\/photo-1650227322538-cd0204bf98a4?q=85&#038;w=500&#038;h=500&#038;fit=crop\" title=\"\" alt=\"\" loading=\"lazy\" \/>\t\t\t\t\t\t\t\t\t\t\t\t\t\t\t<\/div>\n\t\t\t\t<div class=\"elementor-element elementor-element-4e035fe hostinger-ai-project-title hostinger-ai-font-bold elementor-widget elementor-widget-heading\" data-id=\"4e035fe\" data-element_type=\"widget\" data-e-type=\"widget\" data-widget_type=\"heading.default\">\n\t\t\t\t\t<p class=\"elementor-heading-title elementor-size-default\">\u00c1lbum Vivo<\/p>\t\t\t\t<\/div>\n\t\t\t\t<div class=\"elementor-element elementor-element-6ae8101 hostinger-ai-project-description elementor-widget elementor-widget-text-editor\" data-id=\"6ae8101\" data-element_type=\"widget\" data-e-type=\"widget\" data-widget_type=\"text-editor.default\">\n\t\t\t\t\t\t\t\t\tMergulhe na energia das nossas performances ao vivo, registrando cada emo\u00e7\u00e3o e batida com intensidade \u00fanica.\t\t\t\t\t\t\t\t<\/div>\n\t\t\t\t<\/div>\n\t\t<div class=\"elementor-element elementor-element-9c34e97 e-con-full e-flex e-con e-child\" data-id=\"9c34e97\" data-element_type=\"container\" data-e-type=\"container\">\n\t\t\t\t<div class=\"elementor-element elementor-element-c225266 hostinger-ai-project-image hostinger-index-7 elementor-widget elementor-widget-image\" data-id=\"c225266\" data-element_type=\"widget\" data-e-type=\"widget\" data-widget_type=\"image.default\">\n\t\t\t\t\t\t\t\t\t\t\t\t\t\t\t<img decoding=\"async\" src=\"https:\/\/images.unsplash.com\/photo-1536439917118-9df937263c58?q=85&#038;w=500&#038;h=550&#038;fit=crop\" title=\"\" alt=\"\" loading=\"lazy\" \/>\t\t\t\t\t\t\t\t\t\t\t\t\t\t\t<\/div>\n\t\t\t\t<div class=\"elementor-element elementor-element-791a5c4 hostinger-ai-project-title hostinger-index-1 hostinger-ai-font-bold elementor-widget elementor-widget-heading\" data-id=\"791a5c4\" data-element_type=\"widget\" data-e-type=\"widget\" data-widget_type=\"heading.default\">\n\t\t\t\t\t<p class=\"elementor-heading-title elementor-size-default\">Colabora\u00e7\u00f5es<\/p>\t\t\t\t<\/div>\n\t\t\t\t<div class=\"elementor-element elementor-element-7f16dd8 hostinger-ai-project-description hostinger-index-1 elementor-widget elementor-widget-text-editor\" data-id=\"7f16dd8\" data-element_type=\"widget\" data-e-type=\"widget\" data-widget_type=\"text-editor.default\">\n\t\t\t\t\t\t\t\t\tProjetos feitos em parceria com outros artistas, unindo estilos para criar algo memor\u00e1vel e envolvente.\t\t\t\t\t\t\t\t<\/div>\n\t\t\t\t<\/div>\n\t\t<div class=\"elementor-element elementor-element-694368d e-con-full e-flex e-con e-child\" data-id=\"694368d\" data-element_type=\"container\" data-e-type=\"container\">\n\t\t\t\t<div class=\"elementor-element elementor-element-777a1ac hostinger-ai-project-image hostinger-index-8 elementor-widget elementor-widget-image\" data-id=\"777a1ac\" data-element_type=\"widget\" data-e-type=\"widget\" data-widget_type=\"image.default\">\n\t\t\t\t\t\t\t\t\t\t\t\t\t\t\t<img decoding=\"async\" src=\"https:\/\/images.unsplash.com\/photo-1487853227273-df89944a9243?q=85&#038;w=500&#038;h=500&#038;fit=crop\" title=\"\" alt=\"\" loading=\"lazy\" \/>\t\t\t\t\t\t\t\t\t\t\t\t\t\t\t<\/div>\n\t\t\t\t<div class=\"elementor-element elementor-element-da7ff78 hostinger-ai-project-title hostinger-index-2 hostinger-ai-font-bold elementor-widget elementor-widget-heading\" data-id=\"da7ff78\" data-element_type=\"widget\" data-e-type=\"widget\" data-widget_type=\"heading.default\">\n\t\t\t\t\t<p class=\"elementor-heading-title elementor-size-default\">Trilhas Sonoras<\/p>\t\t\t\t<\/div>\n\t\t\t\t<div class=\"elementor-element elementor-element-e056149 hostinger-ai-project-description hostinger-index-2 elementor-widget elementor-widget-text-editor\" data-id=\"e056149\" data-element_type=\"widget\" data-e-type=\"widget\" data-widget_type=\"text-editor.default\">\n\t\t\t\t\t\t\t\t\tComposi\u00e7\u00f5es que d\u00e3o vida e emo\u00e7\u00e3o \u00e0s produ\u00e7\u00f5es visuais, conectando imagens com melodias tocantes.\t\t\t\t\t\t\t\t<\/div>\n\t\t\t\t<\/div>\n\t\t<div class=\"elementor-element elementor-element-4492d17 e-con-full e-flex e-con e-child\" data-id=\"4492d17\" data-element_type=\"container\" data-e-type=\"container\">\n\t\t\t\t<div class=\"elementor-element elementor-element-791fd0f hostinger-ai-project-image hostinger-index-9 elementor-widget elementor-widget-image\" data-id=\"791fd0f\" data-element_type=\"widget\" data-e-type=\"widget\" data-widget_type=\"image.default\">\n\t\t\t\t\t\t\t\t\t\t\t\t\t\t\t<img decoding=\"async\" src=\"https:\/\/images.unsplash.com\/photo-1689405057870-2386189524db?q=85&#038;w=500&#038;h=550&#038;fit=crop\" title=\"\" alt=\"\" loading=\"lazy\" \/>\t\t\t\t\t\t\t\t\t\t\t\t\t\t\t<\/div>\n\t\t\t\t<div class=\"elementor-element elementor-element-bafaa10 hostinger-ai-project-title hostinger-index-1 hostinger-ai-font-bold hostinger-index-3 elementor-widget elementor-widget-heading\" data-id=\"bafaa10\" data-element_type=\"widget\" data-e-type=\"widget\" data-widget_type=\"heading.default\">\n\t\t\t\t\t<p class=\"elementor-heading-title elementor-size-default\">Colabora\u00e7\u00f5es<\/p>\t\t\t\t<\/div>\n\t\t\t\t<div class=\"elementor-element elementor-element-421f2f0 hostinger-ai-project-description hostinger-index-3 elementor-widget elementor-widget-text-editor\" data-id=\"421f2f0\" data-element_type=\"widget\" data-e-type=\"widget\" data-widget_type=\"text-editor.default\">\n\t\t\t\t\t\t\t\t\tLan\u00e7amentos exclusivos que refletem nossa evolu\u00e7\u00e3o sonora e paix\u00e3o por novas experi\u00eancias musicais.\t\t\t\t\t\t\t\t<\/div>\n\t\t\t\t<\/div>\n\t\t\t\t<\/div>\n\t\t\t\t\t<\/div>\n\t\t\t\t<\/div>\n\t\t<div class=\"elementor-element elementor-element-0951d5d hostinger-ai-about-us-1 e-flex e-con-boxed e-con e-parent\" data-id=\"0951d5d\" data-element_type=\"container\" data-e-type=\"container\">\n\t\t\t\t\t<div class=\"e-con-inner\">\n\t\t<div class=\"elementor-element elementor-element-12883d3 image-row e-con-full e-grid e-con e-child\" data-id=\"12883d3\" data-element_type=\"container\" data-e-type=\"container\">\n\t\t<div class=\"elementor-element elementor-element-0672ed8 e-grid e-con-full e-con e-child\" data-id=\"0672ed8\" data-element_type=\"container\" data-e-type=\"container\">\n\t\t\t\t<div class=\"elementor-element elementor-element-df13938 hostinger-ai-title elementor-widget elementor-widget-heading\" data-id=\"df13938\" data-element_type=\"widget\" data-e-type=\"widget\" data-widget_type=\"heading.default\">\n\t\t\t\t\t<h2 class=\"elementor-heading-title elementor-size-default\">Galeria<\/h2>\t\t\t\t<\/div>\n\t\t\t\t<div class=\"elementor-element elementor-element-613cd71 hostinger-ai-description elementor-widget elementor-widget-heading\" data-id=\"613cd71\" data-element_type=\"widget\" data-e-type=\"widget\" data-widget_type=\"heading.default\">\n\t\t\t\t\t<p class=\"elementor-heading-title elementor-size-default\">Momentos musicais que contam hist\u00f3rias e emo\u00e7\u00f5es \u00fanicas.<\/p>\t\t\t\t<\/div>\n\t\t\t\t<\/div>\n\t\t<div class=\"elementor-element elementor-element-a7dc2ce e-grid e-con-boxed e-con e-child\" data-id=\"a7dc2ce\" data-element_type=\"container\" data-e-type=\"container\">\n\t\t\t\t\t<div class=\"e-con-inner\">\n\t\t\t\t<div class=\"elementor-element elementor-element-235f87c hostinger-ai-image hostinger-index-46 elementor-widget elementor-widget-image\" data-id=\"235f87c\" data-element_type=\"widget\" data-e-type=\"widget\" data-widget_type=\"image.default\">\n\t\t\t\t\t\t\t\t\t\t\t\t\t\t\t<img decoding=\"async\" src=\"https:\/\/images.unsplash.com\/photo-1562765722-751e6f76ac82?q=85&#038;w=500&#038;h=500&#038;fit=crop\" title=\"\" alt=\"\" loading=\"lazy\" \/>\t\t\t\t\t\t\t\t\t\t\t\t\t\t\t<\/div>\n\t\t\t\t<div class=\"elementor-element elementor-element-b6f6ff5 hostinger-ai-image hostinger-index-47 elementor-widget elementor-widget-image\" data-id=\"b6f6ff5\" data-element_type=\"widget\" data-e-type=\"widget\" data-widget_type=\"image.default\">\n\t\t\t\t\t\t\t\t\t\t\t\t\t\t\t<img decoding=\"async\" src=\"https:\/\/images.unsplash.com\/photo-1548022651-63a579d9f952?q=85&#038;w=500&#038;h=500&#038;fit=crop\" title=\"\" alt=\"\" loading=\"lazy\" \/>\t\t\t\t\t\t\t\t\t\t\t\t\t\t\t<\/div>\n\t\t\t\t\t<\/div>\n\t\t\t\t<\/div>\n\t\t<div class=\"elementor-element elementor-element-f32fbb7 e-grid e-con-full e-con e-child\" data-id=\"f32fbb7\" data-element_type=\"container\" data-e-type=\"container\">\n\t\t\t\t<div class=\"elementor-element elementor-element-71048c8 hostinger-ai-image hostinger-index-50 elementor-widget elementor-widget-image\" data-id=\"71048c8\" data-element_type=\"widget\" data-e-type=\"widget\" data-widget_type=\"image.default\">\n\t\t\t\t\t\t\t\t\t\t\t\t\t\t\t<img decoding=\"async\" src=\"https:\/\/images.unsplash.com\/photo-1600158623561-b77672369f61?q=85&#038;w=700&#038;h=730&#038;fit=crop\" title=\"\" alt=\"\" loading=\"lazy\" \/>\t\t\t\t\t\t\t\t\t\t\t\t\t\t\t<\/div>\n\t\t\t\t<\/div>\n\t\t\t\t<\/div>\n\t\t\t\t\t<\/div>\n\t\t\t\t<\/div>\n\t\t<div class=\"elementor-element elementor-element-425a1bf e-flex e-con-boxed e-con e-parent\" data-id=\"425a1bf\" data-element_type=\"container\" data-e-type=\"container\" data-settings=\"{&quot;background_background&quot;:&quot;classic&quot;}\">\n\t\t\t\t\t<div class=\"e-con-inner\">\n\t\t<div class=\"elementor-element elementor-element-8eb3a11 e-con-full e-flex e-con e-child\" data-id=\"8eb3a11\" data-element_type=\"container\" data-e-type=\"container\">\n\t\t\t\t<div class=\"elementor-element elementor-element-2516ff0 hostinger-ai-title elementor-widget elementor-widget-heading\" data-id=\"2516ff0\" data-element_type=\"widget\" data-e-type=\"widget\" data-widget_type=\"heading.default\">\n\t\t\t\t\t<h2 class=\"elementor-heading-title elementor-size-default\">Ou\u00e7a agora<\/h2>\t\t\t\t<\/div>\n\t\t\t\t<div class=\"elementor-element elementor-element-bb2189c elementor-widget__width-initial hostinger-ai-description elementor-widget elementor-widget-text-editor\" data-id=\"bb2189c\" data-element_type=\"widget\" data-e-type=\"widget\" data-widget_type=\"text-editor.default\">\n\t\t\t\t\t\t\t\t\tMergulhe nas m\u00fasicas que contam hist\u00f3rias do eulu, feitas para emocionar e inspirar.\t\t\t\t\t\t\t\t<\/div>\n\t\t\t\t<div class=\"elementor-element elementor-element-c0f4a8e hostinger-ai-cta-button hostinger-index-0 elementor-widget elementor-widget-button\" data-id=\"c0f4a8e\" data-element_type=\"widget\" data-e-type=\"widget\" data-widget_type=\"button.default\">\n\t\t\t\t\t\t\t\t\t\t<a class=\"elementor-button elementor-button-link elementor-size-sm\" href=\"https:\/\/violet-crane-240860.hostingersite.com\/hello-world\/\">\n\t\t\t\t\t\t<span class=\"elementor-button-content-wrapper\">\n\t\t\t\t\t\t\t\t\t<span class=\"elementor-button-text\">Play<\/span>\n\t\t\t\t\t<\/span>\n\t\t\t\t\t<\/a>\n\t\t\t\t\t\t\t\t<\/div>\n\t\t\t\t<\/div>\n\t\t\t\t\t<\/div>\n\t\t\t\t<\/div>\n\t\t\t\t<\/div>\n\t\t","protected":false},"excerpt":{"rendered":"","protected":false},"author":1,"featured_media":0,"parent":0,"menu_order":0,"comment_status":"closed","ping_status":"closed","template":"","meta":{"footnotes":""},"class_list":["post-14","page","type-page","status-publish","hentry"],"_hostinger_reach_plugin_has_subscription_block":false,"_hostinger_reach_plugin_is_elementor":false,"_links":{"self":[{"href":"https:\/\/eulu.com.br\/index.php?rest_route=\/wp\/v2\/pages\/14","targetHints":{"allow":["GET"]}}],"collection":[{"href":"https:\/\/eulu.com.br\/index.php?rest_route=\/wp\/v2\/pages"}],"about":[{"href":"https:\/\/eulu.com.br\/index.php?rest_route=\/wp\/v2\/types\/page"}],"author":[{"embeddable":true,"href":"https:\/\/eulu.com.br\/index.php?rest_route=\/wp\/v2\/users\/1"}],"replies":[{"embeddable":true,"href":"https:\/\/eulu.com.br\/index.php?rest_route=%2Fwp%2Fv2%2Fcomments&post=14"}],"version-history":[{"count":0,"href":"https:\/\/eulu.com.br\/index.php?rest_route=\/wp\/v2\/pages\/14\/revisions"}],"wp:attachment":[{"href":"https:\/\/eulu.com.br\/index.php?rest_route=%2Fwp%2Fv2%2Fmedia&parent=14"}],"curies":[{"name":"wp","href":"https:\/\/api.w.org\/{rel}","templated":true}]}}